{"id":3981,"date":"2020-12-20T18:43:07","date_gmt":"2020-12-20T15:43:07","guid":{"rendered":"https:\/\/cobrartp.com\/?post_type=product&#038;p=3981"},"modified":"2026-04-20T19:15:08","modified_gmt":"2026-04-20T16:15:08","slug":"socket-cable","status":"publish","type":"product","link":"https:\/\/cobrartp.com\/fr\/store\/socket-cable\/","title":{"rendered":"Socket rallonge"},"content":{"rendered":"","protected":false},"excerpt":{"rendered":"<p>C\u00e2ble - extension pour les \u00e9mulateurs CobraRTP (<strong>Livr\u00e9 complet avec MotronicRT\u00a0! Pas besoin d'ajouter au panier s\u00e9par\u00e9ment\u00a0!)<\/strong>.<\/p>\n<p><span style=\"color: #ff0000;\"><b>Ce<\/b><\/span><strong><span style=\"color: #ff0000;\">\u00a0version c\u00e2ble est uniquement compatible avec les versions d'appareils suivantes\u00a0:<\/span><\/strong><\/p>\n<p><strong>MotronicRT:<\/strong> R1.3, R1.4, R4.x, R5.x R6.x<br \/>\n<strong>v3 Pro:<\/strong> R2.1, R2.2, R4.x<br \/>\n(x-any)<\/p>\n<p><span style=\"color: #ff0000;\"><strong>Non compatible avec Honda Edition, CobraRTP v1.0, v2.0 et FlashOnline !<\/strong><\/span><\/p>","protected":false},"featured_media":1073,"template":"","meta":{"slim_seo":{"title":"Socket \u0443\u0434\u043b\u0438\u043d\u0438\u0442\u0435\u043b\u044c - CobraRTP","description":"\u041a\u0430\u0431\u0435\u043b\u044c \u2014 \u0440\u0430\u0441\u0448\u0438\u0440\u0435\u043d\u0438\u0435 \u0434\u043b\u044f \u044d\u043c\u0443\u043b\u044f\u0442\u043e\u0440\u043e\u0432 CobraRTP ( \u0438\u0434\u0435\u0442 \u0432 \u043a\u043e\u043c\u043f\u043b\u0435\u043a\u0442\u0435 \u0441 MotronicRT! \u041e\u0442\u0434\u0435\u043b\u044c\u043d\u043e \u0434\u043e\u0431\u0430\u0432\u043b\u044f\u0442\u044c \u0432 \u043a\u043e\u0440\u0437\u0438\u043d\u0443 \u043d\u0435 \u043d\u0443\u0436\u043d\u043e!) . \u0414\u0430\u043d\u043d\u0430\u044f \u00a0\u0432\u0435\u0440\u0441\u0438\u044f \u043a\u0430\u0431\u0435\u043b\u044f \u0441\u043e\u0432\u043c\u0435\u0441\u0442\u0438\u043c\u0430 \u0442\u043e\u043b\u044c\u043a\u043e \u0441"}},"product_brand":[],"product_cat":[139],"product_tag":[],"class_list":{"0":"post-3981","1":"product","2":"type-product","3":"status-publish","4":"has-post-thumbnail","6":"product_cat-aux_tools","8":"first","9":"instock","10":"shipping-taxable","11":"purchasable","12":"product-type-simple"},"jetpack_sharing_enabled":true,"_links":{"self":[{"href":"https:\/\/cobrartp.com\/fr\/wp-json\/wp\/v2\/product\/3981","targetHints":{"allow":["GET"]}}],"collection":[{"href":"https:\/\/cobrartp.com\/fr\/wp-json\/wp\/v2\/product"}],"about":[{"href":"https:\/\/cobrartp.com\/fr\/wp-json\/wp\/v2\/types\/product"}],"version-history":[{"count":1,"href":"https:\/\/cobrartp.com\/fr\/wp-json\/wp\/v2\/product\/3981\/revisions"}],"predecessor-version":[{"id":11862,"href":"https:\/\/cobrartp.com\/fr\/wp-json\/wp\/v2\/product\/3981\/revisions\/11862"}],"wp:featuredmedia":[{"embeddable":true,"href":"https:\/\/cobrartp.com\/fr\/wp-json\/wp\/v2\/media\/1073"}],"wp:attachment":[{"href":"https:\/\/cobrartp.com\/fr\/wp-json\/wp\/v2\/media?parent=3981"}],"wp:term":[{"taxonomy":"product_brand","embeddable":true,"href":"https:\/\/cobrartp.com\/fr\/wp-json\/wp\/v2\/product_brand?post=3981"},{"taxonomy":"product_cat","embeddable":true,"href":"https:\/\/cobrartp.com\/fr\/wp-json\/wp\/v2\/product_cat?post=3981"},{"taxonomy":"product_tag","embeddable":true,"href":"https:\/\/cobrartp.com\/fr\/wp-json\/wp\/v2\/product_tag?post=3981"}],"curies":[{"name":"wp","href":"https:\/\/api.w.org\/{rel}","templated":true}]}}