{"id":809,"date":"2018-10-31T22:08:21","date_gmt":"2018-10-31T19:08:21","guid":{"rendered":"http:\/\/cobrartp.ru\/?page_id=809"},"modified":"2026-01-09T19:30:38","modified_gmt":"2026-01-09T16:30:38","slug":"shipping_a_pay","status":"publish","type":"page","link":"https:\/\/cobrartp.com\/fr\/shipping_a_pay\/","title":{"rendered":"La livraison et de paiement"},"content":{"rendered":"<div data-elementor-type=\"wp-post\" data-elementor-id=\"809\" class=\"elementor elementor-809\" data-elementor-post-type=\"page\">\n\t\t\t\t\t\t<section class=\"elementor-section elementor-top-section elementor-element elementor-element-76e7231 elementor-section-boxed elementor-section-height-default elementor-section-height-default\" data-id=\"76e7231\" data-element_type=\"section\">\n\t\t\t\t\t\t<div class=\"elementor-container elementor-column-gap-default\">\n\t\t\t\t\t<div class=\"elementor-column elementor-col-100 elementor-top-column elementor-element elementor-element-93fa512\" data-id=\"93fa512\" data-element_type=\"column\">\n\t\t\t<div class=\"elementor-widget-wrap elementor-element-populated\">\n\t\t\t\t\t\t<div class=\"elementor-element elementor-element-614f7e7 elementor-widget-divider--view-line elementor-widget elementor-widget-divider\" data-id=\"614f7e7\" data-element_type=\"widget\" data-widget_type=\"divider.default\">\n\t\t\t\t<div class=\"elementor-widget-container\">\n\t\t\t\t\t\t\t<div class=\"elementor-divider\">\n\t\t\t<span class=\"elementor-divider-separator\">\n\t\t\t\t\t\t<\/span>\n\t\t<\/div>\n\t\t\t\t\t\t<\/div>\n\t\t\t\t<\/div>\n\t\t\t\t\t<\/div>\n\t\t<\/div>\n\t\t\t\t\t<\/div>\n\t\t<\/section>\n\t\t\t\t<section class=\"elementor-section elementor-top-section elementor-element elementor-element-1692c0a elementor-section-boxed elementor-section-height-default elementor-section-height-default\" data-id=\"1692c0a\" data-element_type=\"section\" data-settings=\"{&quot;background_background&quot;:&quot;classic&quot;}\">\n\t\t\t\t\t\t<div class=\"elementor-container elementor-column-gap-default\">\n\t\t\t\t\t<div class=\"elementor-column elementor-col-100 elementor-top-column elementor-element elementor-element-5b53eae\" data-id=\"5b53eae\" data-element_type=\"column\">\n\t\t\t<div class=\"elementor-widget-wrap elementor-element-populated\">\n\t\t\t\t\t\t<div class=\"elementor-element elementor-element-1f2c9dc elementor-widget elementor-widget-heading\" data-id=\"1f2c9dc\" data-element_type=\"widget\" data-widget_type=\"heading.default\">\n\t\t\t\t<div class=\"elementor-widget-container\">\n\t\t\t\t\t<h2 class=\"elementor-heading-title elementor-size-default\">Livraison<\/h2>\t\t\t\t<\/div>\n\t\t\t\t<\/div>\n\t\t\t\t\t<\/div>\n\t\t<\/div>\n\t\t\t\t\t<\/div>\n\t\t<\/section>\n\t\t\t\t<section class=\"elementor-section elementor-top-section elementor-element elementor-element-b0db660 elementor-section-boxed elementor-section-height-default elementor-section-height-default\" data-id=\"b0db660\" data-element_type=\"section\" data-settings=\"{&quot;background_background&quot;:&quot;classic&quot;}\">\n\t\t\t\t\t\t<div class=\"elementor-container elementor-column-gap-default\">\n\t\t\t\t\t<div class=\"elementor-column elementor-col-50 elementor-top-column elementor-element elementor-element-f823850\" data-id=\"f823850\" data-element_type=\"column\">\n\t\t\t<div class=\"elementor-widget-wrap elementor-element-populated\">\n\t\t\t\t\t\t<div class=\"elementor-element elementor-element-ae65ec9 elementor-widget elementor-widget-text-editor\" data-id=\"ae65ec9\" data-element_type=\"widget\" data-widget_type=\"text-editor.default\">\n\t\t\t\t<div class=\"elementor-widget-container\">\n\t\t\t\t\t\t\t\t\t<h3><span style=\"color: #000000;\"><strong>Mail<\/strong><\/span><\/h3>\t\t\t\t\t\t\t\t<\/div>\n\t\t\t\t<\/div>\n\t\t\t\t\t<\/div>\n\t\t<\/div>\n\t\t\t\t<div class=\"elementor-column elementor-col-50 elementor-top-column elementor-element elementor-element-4d86ff3\" data-id=\"4d86ff3\" data-element_type=\"column\">\n\t\t\t<div class=\"elementor-widget-wrap elementor-element-populated\">\n\t\t\t\t\t\t\t<\/div>\n\t\t<\/div>\n\t\t\t\t\t<\/div>\n\t\t<\/section>\n\t\t\t\t<section class=\"elementor-section elementor-top-section elementor-element elementor-element-ded3d5b elementor-section-boxed elementor-section-height-default elementor-section-height-default\" data-id=\"ded3d5b\" data-element_type=\"section\">\n\t\t\t\t\t\t<div class=\"elementor-container elementor-column-gap-default\">\n\t\t\t\t\t<div class=\"elementor-column elementor-col-100 elementor-top-column elementor-element elementor-element-d824254\" data-id=\"d824254\" data-element_type=\"column\">\n\t\t\t<div class=\"elementor-widget-wrap elementor-element-populated\">\n\t\t\t\t\t\t<div class=\"elementor-element elementor-element-a450a4d elementor-widget elementor-widget-text-editor\" data-id=\"a450a4d\" data-element_type=\"widget\" data-widget_type=\"text-editor.default\">\n\t\t\t\t<div class=\"elementor-widget-container\">\n\t\t\t\t\t\t\t\t\t<p>La livraison postale est effectu\u00e9e par l'interm\u00e9diaire d'un op\u00e9rateur postal <a href=\"https:\/\/belpost.by\/\">Belpost<\/a>avec l&#039;aide des types de livraison:<\/p><ol><li>Livraison prioritaire ordinaire ou poste a\u00e9rienne r\u00e9guli\u00e8re (pour tous les pays sauf la Bi\u00e9lorussie).\u00a0<br \/>D\u00e9lais de livraison pour la Bi\u00e9lorussie 2-3 jours, pour les autres pays de 10 \u00e0 45 jours. Vous pouvez trouver des conditions plus pr\u00e9cises pour un pays de destination sp\u00e9cifique lors de la commande.<\/li><li>EMS a acc\u00e9l\u00e9r\u00e9 la livraison du courrier express.<br \/>D\u00e9lais de livraison en Bi\u00e9lorussie 1-2 jours, pour les autres pays de 5 \u00e0 18 jours. Vous pouvez trouver des conditions plus pr\u00e9cises pour un pays de destination sp\u00e9cifique lors de la commande.<\/li><\/ol>\t\t\t\t\t\t\t\t<\/div>\n\t\t\t\t<\/div>\n\t\t\t\t\t<\/div>\n\t\t<\/div>\n\t\t\t\t\t<\/div>\n\t\t<\/section>\n\t\t\t\t<section class=\"elementor-section elementor-top-section elementor-element elementor-element-3630f26 elementor-section-boxed elementor-section-height-default elementor-section-height-default\" data-id=\"3630f26\" data-element_type=\"section\" data-settings=\"{&quot;background_background&quot;:&quot;classic&quot;}\">\n\t\t\t\t\t\t<div class=\"elementor-container elementor-column-gap-default\">\n\t\t\t\t\t<div class=\"elementor-column elementor-col-50 elementor-top-column elementor-element elementor-element-fe93a4d\" data-id=\"fe93a4d\" data-element_type=\"column\">\n\t\t\t<div class=\"elementor-widget-wrap elementor-element-populated\">\n\t\t\t\t\t\t<div class=\"elementor-element elementor-element-10ea39b elementor-widget elementor-widget-text-editor\" data-id=\"10ea39b\" data-element_type=\"widget\" data-widget_type=\"text-editor.default\">\n\t\t\t\t<div class=\"elementor-widget-container\">\n\t\t\t\t\t\t\t\t\t<h3><span style=\"color: #000000;\"><strong>La livraison de courrier<\/strong><\/span><\/h3>\t\t\t\t\t\t\t\t<\/div>\n\t\t\t\t<\/div>\n\t\t\t\t\t<\/div>\n\t\t<\/div>\n\t\t\t\t<div class=\"elementor-column elementor-col-50 elementor-top-column elementor-element elementor-element-0a08adc\" data-id=\"0a08adc\" data-element_type=\"column\">\n\t\t\t<div class=\"elementor-widget-wrap elementor-element-populated\">\n\t\t\t\t\t\t\t<\/div>\n\t\t<\/div>\n\t\t\t\t\t<\/div>\n\t\t<\/section>\n\t\t\t\t<section class=\"elementor-section elementor-top-section elementor-element elementor-element-bb16b61 elementor-section-boxed elementor-section-height-default elementor-section-height-default\" data-id=\"bb16b61\" data-element_type=\"section\">\n\t\t\t\t\t\t<div class=\"elementor-container elementor-column-gap-default\">\n\t\t\t\t\t<div class=\"elementor-column elementor-col-100 elementor-top-column elementor-element elementor-element-072ed27\" data-id=\"072ed27\" data-element_type=\"column\">\n\t\t\t<div class=\"elementor-widget-wrap elementor-element-populated\">\n\t\t\t\t\t\t<div class=\"elementor-element elementor-element-0a188b6 elementor-widget elementor-widget-text-editor\" data-id=\"0a188b6\" data-element_type=\"widget\" data-widget_type=\"text-editor.default\">\n\t\t\t\t<div class=\"elementor-widget-container\">\n\t\t\t\t\t\t\t\t\t<ol><li><a href=\"https:\/\/cdek.by\/ru\">\u0421\u0414\u042d\u041a<\/a>\u00a0\u00a0\u00a0\u00a0(Bi\u00e9lorussie, Russie, Kazakhstan)<br \/>Le d\u00e9lai de livraison de 2 \u00e0 14 jours.<\/li><li><a href=\"https:\/\/www.dhl.com\/\">DHL\u00a0<\/a> (\u0415\u0432\u0440\u043e\u043f\u0430 \u0438 \u0421\u0428\u0410)<br \/>\u0421\u0440\u043e\u043a \u0434\u043e\u0441\u0442\u0430\u0432\u043a\u0438 5-7 \u0434\u043d\u0435\u0439.<\/li><\/ol>\t\t\t\t\t\t\t\t<\/div>\n\t\t\t\t<\/div>\n\t\t\t\t\t<\/div>\n\t\t<\/div>\n\t\t\t\t\t<\/div>\n\t\t<\/section>\n\t\t\t\t<section class=\"elementor-section elementor-top-section elementor-element elementor-element-d96a174 elementor-section-boxed elementor-section-height-default elementor-section-height-default\" data-id=\"d96a174\" data-element_type=\"section\">\n\t\t\t\t\t\t<div class=\"elementor-container elementor-column-gap-default\">\n\t\t\t\t\t<div class=\"elementor-column elementor-col-33 elementor-top-column elementor-element elementor-element-f677be7\" data-id=\"f677be7\" data-element_type=\"column\">\n\t\t\t<div class=\"elementor-widget-wrap elementor-element-populated\">\n\t\t\t\t\t\t<div class=\"elementor-element elementor-element-4ceebe9 elementor-widget elementor-widget-image\" data-id=\"4ceebe9\" data-element_type=\"widget\" data-widget_type=\"image.default\">\n\t\t\t\t<div class=\"elementor-widget-container\">\n\t\t\t\t\t\t\t\t\t\t\t\t\t\t\t<img decoding=\"async\" width=\"150\" height=\"110\" src=\"https:\/\/cobrartp.com\/wp-content\/uploads\/2024\/01\/cdek-150x110.jpg\" class=\"attachment-thumbnail size-thumbnail wp-image-8559\" alt=\"Cdek\" \/>\t\t\t\t\t\t\t\t\t\t\t\t\t\t\t<\/div>\n\t\t\t\t<\/div>\n\t\t\t\t\t<\/div>\n\t\t<\/div>\n\t\t\t\t<div class=\"elementor-column elementor-col-33 elementor-top-column elementor-element elementor-element-5f9f4d0\" data-id=\"5f9f4d0\" data-element_type=\"column\">\n\t\t\t<div class=\"elementor-widget-wrap elementor-element-populated\">\n\t\t\t\t\t\t<div class=\"elementor-element elementor-element-a48550f elementor-widget elementor-widget-image\" data-id=\"a48550f\" data-element_type=\"widget\" data-widget_type=\"image.default\">\n\t\t\t\t<div class=\"elementor-widget-container\">\n\t\t\t\t\t\t\t\t\t\t\t\t\t\t\t<img decoding=\"async\" width=\"150\" height=\"110\" src=\"https:\/\/cobrartp.com\/wp-content\/uploads\/2024\/01\/operator_logo_ems_32-150x110.jpg\" class=\"attachment-thumbnail size-thumbnail wp-image-8561\" alt=\"Operator logo ems\" srcset=\"https:\/\/cobrartp.com\/wp-content\/uploads\/2024\/01\/operator_logo_ems_32-150x110.jpg 150w, https:\/\/cobrartp.com\/wp-content\/uploads\/2024\/01\/operator_logo_ems_32-18x12.jpg 18w\" sizes=\"(max-width: 150px) 100vw, 150px\" \/>\t\t\t\t\t\t\t\t\t\t\t\t\t\t\t<\/div>\n\t\t\t\t<\/div>\n\t\t\t\t\t<\/div>\n\t\t<\/div>\n\t\t\t\t<div class=\"elementor-column elementor-col-33 elementor-top-column elementor-element elementor-element-3b32e9d\" data-id=\"3b32e9d\" data-element_type=\"column\">\n\t\t\t<div class=\"elementor-widget-wrap elementor-element-populated\">\n\t\t\t\t\t\t<div class=\"elementor-element elementor-element-22ca614 elementor-widget elementor-widget-image\" data-id=\"22ca614\" data-element_type=\"widget\" data-widget_type=\"image.default\">\n\t\t\t\t<div class=\"elementor-widget-container\">\n\t\t\t\t\t\t\t\t\t\t\t\t\t\t\t<img decoding=\"async\" width=\"150\" height=\"110\" src=\"https:\/\/cobrartp.com\/wp-content\/uploads\/2024\/05\/images-150x110.png\" class=\"attachment-thumbnail size-thumbnail wp-image-8950\" alt=\"Images\" \/>\t\t\t\t\t\t\t\t\t\t\t\t\t\t\t<\/div>\n\t\t\t\t<\/div>\n\t\t\t\t\t<\/div>\n\t\t<\/div>\n\t\t\t\t\t<\/div>\n\t\t<\/section>\n\t\t\t\t<section class=\"elementor-section elementor-top-section elementor-element elementor-element-99b65ec elementor-section-height-min-height elementor-section-content-middle elementor-section-boxed elementor-section-height-default elementor-section-items-middle\" data-id=\"99b65ec\" data-element_type=\"section\" data-settings=\"{&quot;background_background&quot;:&quot;classic&quot;}\">\n\t\t\t\t\t\t<div class=\"elementor-container elementor-column-gap-default\">\n\t\t\t\t\t<div class=\"elementor-column elementor-col-100 elementor-top-column elementor-element elementor-element-b3247d2\" data-id=\"b3247d2\" data-element_type=\"column\">\n\t\t\t<div class=\"elementor-widget-wrap elementor-element-populated\">\n\t\t\t\t\t\t<div class=\"elementor-element elementor-element-34da9d7 elementor-widget elementor-widget-heading\" data-id=\"34da9d7\" data-element_type=\"widget\" data-widget_type=\"heading.default\">\n\t\t\t\t<div class=\"elementor-widget-container\">\n\t\t\t\t\t<h2 class=\"elementor-heading-title elementor-size-default\">Le paiement<\/h2>\t\t\t\t<\/div>\n\t\t\t\t<\/div>\n\t\t\t\t\t<\/div>\n\t\t<\/div>\n\t\t\t\t\t<\/div>\n\t\t<\/section>\n\t\t\t\t<section class=\"elementor-section elementor-top-section elementor-element elementor-element-e3ec616 elementor-section-boxed elementor-section-height-default elementor-section-height-default\" data-id=\"e3ec616\" data-element_type=\"section\">\n\t\t\t\t\t\t<div class=\"elementor-container elementor-column-gap-default\">\n\t\t\t\t\t<div class=\"elementor-column elementor-col-100 elementor-top-column elementor-element elementor-element-30aa482\" data-id=\"30aa482\" data-element_type=\"column\">\n\t\t\t<div class=\"elementor-widget-wrap elementor-element-populated\">\n\t\t\t\t\t\t<div class=\"elementor-element elementor-element-68d0c7c elementor-widget elementor-widget-text-editor\" data-id=\"68d0c7c\" data-element_type=\"widget\" data-widget_type=\"text-editor.default\">\n\t\t\t\t<div class=\"elementor-widget-container\">\n\t\t\t\t\t\t\t\t\t<p><b>1 . \u041e\u043d\u043b\u0430\u0439\u043d \u043e\u043f\u043b\u0430\u0442\u0430<\/b><b><br \/><\/b><\/p><p>\u041e\u043f\u043b\u0430\u0442\u0430 \u043f\u0440\u0438 \u043f\u043e\u043c\u043e\u0449\u0438 \u0437\u0430\u0449\u0438\u0449\u0435\u043d\u043d\u043e\u0433\u043e \u043f\u043b\u0430\u0442\u0435\u0436\u043d\u043e\u0433\u043e \u0448\u043b\u044e\u0437\u0430 <a href=\"https:\/\/bepaid.by\/\">bePaid<\/a>.<br \/>La page de paiement affichera le num\u00e9ro de commande et le montant du paiement. Pour payer, vous devez entrer les d\u00e9tails de votre carte et confirmer le paiement en cliquant sur le bouton \"Payer\".<br \/>Si votre carte prend en charge la technologie <a href=\"https:\/\/ru.wikipedia.org\/wiki\/3-D_Secure\">3-D Secure<\/a>, le syst\u00e8me vous invitera \u00e0 suivre la proc\u00e9dure standard de v\u00e9rification du titulaire de carte en une minute sur la page de votre banque (la banque qui a \u00e9mis votre carte).<br \/>\u041e\u0431\u0440\u0430\u0449\u0430\u0435\u043c \u0432\u0430\u0448\u0435 \u0432\u043d\u0438\u043c\u0430\u043d\u0438\u0435, \u0447\u0442\u043e \u043f\u043e\u0441\u043b\u0435 \u043f\u0440\u043e\u0432\u0435\u0434\u0435\u043d\u0438\u044f \u043f\u043b\u0430\u0442\u0435\u0436\u0430 \u043d\u0430 \u0443\u043a\u0430\u0437\u0430\u043d\u043d\u044b\u0439 \u0432\u0430\u043c\u0438 \u044d\u043b\u0435\u043a\u0442\u0440\u043e\u043d\u043d\u044b\u0439 \u0430\u0434\u0440\u0435\u0441 \u043f\u0440\u0438\u0434\u0435\u0442 \u043f\u043e\u0434\u0442\u0432\u0435\u0440\u0436\u0434\u0435\u043d\u0438\u0435 \u043e\u043f\u043b\u0430\u0442\u044b. \u041f\u0440\u043e\u0441\u0438\u043c \u0432\u0430\u0441 \u0441\u043e\u0445\u0440\u0430\u043d\u044f\u0442\u044c \u0434\u0430\u043d\u043d\u044b\u0435 \u043e\u043f\u043b\u0430\u0442.\u041c\u044b \u043f\u0440\u0438\u043d\u0438\u043c\u0430\u0435\u043c \u043f\u043b\u0430\u0442\u0435\u0436\u0438 \u043f\u043e \u0441\u043b\u0435\u0434\u0443\u044e\u0449\u0438\u043c \u0431\u0430\u043d\u043a\u043e\u0432\u0441\u043a\u0438\u043c \u043a\u0430\u0440\u0442\u0430\u043c: Visa, Visa Electron, MasterCard,Maestro, \u0411\u0435\u043b\u043a\u0430\u0440\u0442, \u041c\u0418\u0420:<br \/><a href=\"https:\/\/cobrartp.com\/wp-content\/uploads\/2026\/01\/1.1-\u0426\u0432\u0435\u0442-\u043f\u0440\u043e\u0437\u0440\u0430\u0447\u043d\u044b\u0439.png\"><img loading=\"lazy\" decoding=\"async\" class=\"alignnone wp-image-11533 size-full\" src=\"https:\/\/cobrartp.com\/wp-content\/uploads\/2026\/01\/1.1-\u0426\u0432\u0435\u0442-\u043f\u0440\u043e\u0437\u0440\u0430\u0447\u043d\u044b\u0439.png\" alt=\"\" width=\"1085\" height=\"100\" srcset=\"https:\/\/cobrartp.com\/wp-content\/uploads\/2026\/01\/1.1-\u0426\u0432\u0435\u0442-\u043f\u0440\u043e\u0437\u0440\u0430\u0447\u043d\u044b\u0439.png 1085w, https:\/\/cobrartp.com\/wp-content\/uploads\/2026\/01\/1.1-\u0426\u0432\u0435\u0442-\u043f\u0440\u043e\u0437\u0440\u0430\u0447\u043d\u044b\u0439-640x59.png 640w, https:\/\/cobrartp.com\/wp-content\/uploads\/2026\/01\/1.1-\u0426\u0432\u0435\u0442-\u043f\u0440\u043e\u0437\u0440\u0430\u0447\u043d\u044b\u0439-1024x94.png 1024w, https:\/\/cobrartp.com\/wp-content\/uploads\/2026\/01\/1.1-\u0426\u0432\u0435\u0442-\u043f\u0440\u043e\u0437\u0440\u0430\u0447\u043d\u044b\u0439-768x71.png 768w, https:\/\/cobrartp.com\/wp-content\/uploads\/2026\/01\/1.1-\u0426\u0432\u0435\u0442-\u043f\u0440\u043e\u0437\u0440\u0430\u0447\u043d\u044b\u0439-18x2.png 18w, https:\/\/cobrartp.com\/wp-content\/uploads\/2026\/01\/1.1-\u0426\u0432\u0435\u0442-\u043f\u0440\u043e\u0437\u0440\u0430\u0447\u043d\u044b\u0439-600x55.png 600w\" sizes=\"(max-width: 1085px) 100vw, 1085px\" \/><\/a><\/p><p>\u00a0<\/p>\t\t\t\t\t\t\t\t<\/div>\n\t\t\t\t<\/div>\n\t\t\t\t\t<\/div>\n\t\t<\/div>\n\t\t\t\t\t<\/div>\n\t\t<\/section>\n\t\t\t\t<section class=\"elementor-section elementor-top-section elementor-element elementor-element-b237e36 elementor-section-boxed elementor-section-height-default elementor-section-height-default\" data-id=\"b237e36\" data-element_type=\"section\">\n\t\t\t\t\t\t<div class=\"elementor-container elementor-column-gap-default\">\n\t\t\t\t\t<div class=\"elementor-column elementor-col-100 elementor-top-column elementor-element elementor-element-cd885f3\" data-id=\"cd885f3\" data-element_type=\"column\">\n\t\t\t<div class=\"elementor-widget-wrap elementor-element-populated\">\n\t\t\t\t\t\t<div class=\"elementor-element elementor-element-f98fc00 elementor-widget elementor-widget-text-editor\" data-id=\"f98fc00\" data-element_type=\"widget\" data-widget_type=\"text-editor.default\">\n\t\t\t\t<div class=\"elementor-widget-container\">\n\t\t\t\t\t\t\t\t\t<p style=\"text-align: left;\">Paiements par carte de cr\u00e9dit sont r\u00e9alis\u00e9s via le syst\u00e8me de paiement \u00e9lectronique <a href=\"https:\/\/bepaid.by\/\">bePaid<\/a>\u00a0(https:\/\/bepaid.by). \u041f\u043b\u0430\u0442\u0435\u0436\u043d\u0430\u044f \u0441\u0442\u0440\u0430\u043d\u0438\u0446\u0430 \u0441\u0438\u0441\u0442\u0435\u043c\u044b <a href=\"https:\/\/bepaid.by\/\">bePaid<\/a> r\u00e9pond \u00e0 toutes les exigences de s\u00e9curit\u00e9 de la transmission de donn\u00e9es (PCI DSS Level 1). Toutes les donn\u00e9es sensibles sont crypt\u00e9es et le maximum de r\u00e9sistant \u00e0 la fissuration. L&#039;acc\u00e8s \u00e0 \u0430\u0432\u0442\u043e\u0440\u0438\u0437\u0430\u0446\u0438\u043e\u043d\u043d\u044b\u043c les pages \u00e0 l&#039;aide du protocole assurant la transmission s\u00e9curis\u00e9e de donn\u00e9es sur Internet (SSL\/TLS).<br \/>Le remboursement est effectu\u00e9 sur la carte, qui a effectu\u00e9 le paiement.<br \/>Le d\u00e9lai de r\u00e9ception des fonds sur la carte de 1 \u00e0 30 jours \u00e0 compter de la mise en \u0153uvre de retour par le vendeur.<\/p><p>Les conditions de remboursement sont d\u00e9crites ici: <a href=\"https:\/\/cobrartp.com\/fr\/terms_of_service\/\" target=\"_blank\" rel=\"noopener\">Conditions de service<\/a><\/p><p style=\"text-align: left;\">La confirmation de paiement en ligne est un ch\u00e8que \u00e9lectronique, qui est envoy\u00e9 sur l&#039;email que vous avez indiqu\u00e9e lors de votre commande. Exemple d&#039;un ch\u00e8que est pr\u00e9sent\u00e9 ci-dessous:<br \/><a href=\"https:\/\/cobrartp.com\/wp-content\/uploads\/2026\/01\/Screenshot-2026-01-09-191435.jpg\"><img loading=\"lazy\" decoding=\"async\" class=\"aligncenter wp-image-11529\" src=\"https:\/\/cobrartp.com\/wp-content\/uploads\/2026\/01\/Screenshot-2026-01-09-191435.jpg\" alt=\"\" width=\"443\" height=\"606\" srcset=\"https:\/\/cobrartp.com\/wp-content\/uploads\/2026\/01\/Screenshot-2026-01-09-191435.jpg 604w, https:\/\/cobrartp.com\/wp-content\/uploads\/2026\/01\/Screenshot-2026-01-09-191435-292x400.jpg 292w, https:\/\/cobrartp.com\/wp-content\/uploads\/2026\/01\/Screenshot-2026-01-09-191435-561x768.jpg 561w, https:\/\/cobrartp.com\/wp-content\/uploads\/2026\/01\/Screenshot-2026-01-09-191435-9x12.jpg 9w, https:\/\/cobrartp.com\/wp-content\/uploads\/2026\/01\/Screenshot-2026-01-09-191435-600x822.jpg 600w\" sizes=\"(max-width: 443px) 100vw, 443px\" \/><\/a><\/p><p>\u00a0<\/p>\t\t\t\t\t\t\t\t<\/div>\n\t\t\t\t<\/div>\n\t\t\t\t\t<\/div>\n\t\t<\/div>\n\t\t\t\t\t<\/div>\n\t\t<\/section>\n\t\t\t\t<section class=\"elementor-section elementor-top-section elementor-element elementor-element-9cdfd55 elementor-section-boxed elementor-section-height-default elementor-section-height-default\" data-id=\"9cdfd55\" data-element_type=\"section\">\n\t\t\t\t\t\t<div class=\"elementor-container elementor-column-gap-default\">\n\t\t\t\t\t<div class=\"elementor-column elementor-col-100 elementor-top-column elementor-element elementor-element-9ef9363\" data-id=\"9ef9363\" data-element_type=\"column\">\n\t\t\t<div class=\"elementor-widget-wrap elementor-element-populated\">\n\t\t\t\t\t\t<div class=\"elementor-element elementor-element-d72250d elementor-widget elementor-widget-text-editor\" data-id=\"d72250d\" data-element_type=\"widget\" data-widget_type=\"text-editor.default\">\n\t\t\t\t<div class=\"elementor-widget-container\">\n\t\t\t\t\t\t\t\t\t<p><strong>2. Paiement \u00e0 la r\u00e9ception<br \/><\/strong> <br \/>Ce moyen de paiement est disponible uniquement lors de la livraison sur le territoire de la R\u00e9publique du B\u00e9larus (cod).<\/p><p><strong>3. Virement bancaire<\/strong><\/p><p>Ce moyen de paiement est effectu\u00e9 par virement bancaire sur notre compte selon les accessoires. Apr\u00e8s la s\u00e9lection de cette m\u00e9thode et la prsentation de la commande, nous vous envoyons les coordonn\u00e9es dans le courant de 24h apr\u00e8s le traitement de la commande.<\/p>\t\t\t\t\t\t\t\t<\/div>\n\t\t\t\t<\/div>\n\t\t\t\t\t<\/div>\n\t\t<\/div>\n\t\t\t\t\t<\/div>\n\t\t<\/section>\n\t\t\t\t<\/div>","protected":false},"excerpt":{"rendered":"<p>\u0414\u043e\u0441\u0442\u0430\u0432\u043a\u0430 \u041f\u043e\u0447\u0442\u0430 \u041f\u043e\u0447\u0442\u043e\u0432\u0430\u044f \u0434\u043e\u0441\u0442\u0430\u0432\u043a\u0430 \u043e\u0441\u0443\u0449\u0435\u0441\u0442\u0432\u043b\u044f\u0435\u0442\u0441\u044f \u0441 \u043f\u043e\u043c\u043e\u0449\u044c\u044e \u043f\u043e\u0447\u0442\u043e\u0432\u043e\u0433\u043e \u043e\u043f\u0435\u0440\u0430\u0442\u043e\u0440\u0430 \u0420\u0423\u041f &#171;\u0411\u0435\u043b\u043f\u043e\u0447\u0442\u0430&#187;, \u0441 \u0438\u0441\u043f\u043e\u043b\u044c\u0437\u043e\u0432\u0430\u043d\u0438\u0435\u043c \u0441\u043b\u0435\u0434\u0443\u044e\u0449\u0438\u0445 \u0442\u0438\u043f\u043e\u0432 \u0434\u043e\u0441\u0442\u0430\u0432\u043a\u0438: \u041e\u0431\u044b\u0447\u043d\u0430\u044f \u043f\u0440\u0438\u043e\u0440\u0438\u0442\u0435\u0442\u043d\u0430\u044f \u0434\u043e\u0441\u0442\u0430\u0432\u043a\u0430 \u0438\u043b\u0438 \u0440\u0435\u0433\u0443\u043b\u044f\u0440\u043d\u0430\u044f \u0430\u0432\u0438\u0430\u043f\u043e\u0447\u0442\u0430 (\u0434\u043b\u044f \u0432\u0441\u0435\u0445 \u0441\u0442\u0440\u0430\u043d, \u043a\u0440\u043e\u043c\u0435 \u0420\u0411).\u00a0\u0421\u0440\u043e\u043a\u0438 \u0434\u043e\u0441\u0442\u0430\u0432\u043a\u0438 \u043f\u043e \u0420\u0411 2-3 \u0434\u043d\u044f, \u0434\u043b\u044f \u043e\u0441\u0442\u0430\u043b\u044c\u043d\u044b\u0445 \u0441\u0442\u0440\u0430\u043d \u043e\u0442 10 \u0434\u043e 45 \u0434\u043d\u0435\u0439. \u0411\u043e\u043b\u0435\u0435 \u0442\u043e\u0447\u043d\u044b\u0435 \u0441\u0440\u043e\u043a\u0438 \u0434\u043b\u044f \u043a\u043e\u043d\u043a\u0440\u0435\u0442\u043d\u043e\u0439 \u0441\u0442\u0440\u0430\u043d\u044b \u043d\u0430\u0437\u043d\u0430\u0447\u0435\u043d\u0438\u044f \u0432\u044b \u043c\u043e\u0436\u0435\u0442\u0435 \u0443\u0437\u043d\u0430\u0442\u044c \u043f\u0440\u0438 \u043e\u0444\u043e\u0440\u043c\u043b\u0435\u043d\u0438\u0438 \u0437\u0430\u043a\u0430\u0437\u0430. EMS \u0443\u0441\u043a\u043e\u0440\u0435\u043d\u043d\u0430\u044f &#8230; <a title=\"La livraison et de paiement\" class=\"read-more\" href=\"https:\/\/cobrartp.com\/fr\/shipping_a_pay\/\" aria-label=\"En savoir plus sur \u0414\u043e\u0441\u0442\u0430\u0432\u043a\u0430 \u0438 \u043e\u043f\u043b\u0430\u0442\u0430\">Lire la suite<\/a><\/p>","protected":false},"author":1,"featured_media":0,"parent":0,"menu_order":0,"comment_status":"closed","ping_status":"closed","template":"","meta":{"slim_seo":{"title":"\u0414\u043e\u0441\u0442\u0430\u0432\u043a\u0430 \u0438 \u043e\u043f\u043b\u0430\u0442\u0430 - CobraRTP","description":"\u0414\u043e\u0441\u0442\u0430\u0432\u043a\u0430 \u041f\u043e\u0447\u0442\u0430 \u041f\u043e\u0447\u0442\u043e\u0432\u0430\u044f \u0434\u043e\u0441\u0442\u0430\u0432\u043a\u0430 \u043e\u0441\u0443\u0449\u0435\u0441\u0442\u0432\u043b\u044f\u0435\u0442\u0441\u044f \u0441 \u043f\u043e\u043c\u043e\u0449\u044c\u044e \u043f\u043e\u0447\u0442\u043e\u0432\u043e\u0433\u043e \u043e\u043f\u0435\u0440\u0430\u0442\u043e\u0440\u0430 \u0420\u0423\u041f \"\u0411\u0435\u043b\u043f\u043e\u0447\u0442\u0430\" , \u0441 \u0438\u0441\u043f\u043e\u043b\u044c\u0437\u043e\u0432\u0430\u043d\u0438\u0435\u043c \u0441\u043b\u0435\u0434\u0443\u044e\u0449\u0438\u0445 \u0442\u0438\u043f\u043e\u0432 \u0434\u043e\u0441\u0442\u0430\u0432\u043a\u0438: \u041e\u0431\u044b\u0447\u043d\u0430\u044f \u043f\u0440\u0438\u043e\u0440\u0438\u0442\u0435\u0442\u043d\u0430\u044f \u0434"},"footnotes":""},"class_list":["post-809","page","type-page","status-publish"],"_links":{"self":[{"href":"https:\/\/cobrartp.com\/fr\/wp-json\/wp\/v2\/pages\/809","targetHints":{"allow":["GET"]}}],"collection":[{"href":"https:\/\/cobrartp.com\/fr\/wp-json\/wp\/v2\/pages"}],"about":[{"href":"https:\/\/cobrartp.com\/fr\/wp-json\/wp\/v2\/types\/page"}],"author":[{"embeddable":true,"href":"https:\/\/cobrartp.com\/fr\/wp-json\/wp\/v2\/users\/1"}],"replies":[{"embeddable":true,"href":"https:\/\/cobrartp.com\/fr\/wp-json\/wp\/v2\/comments?post=809"}],"version-history":[{"count":0,"href":"https:\/\/cobrartp.com\/fr\/wp-json\/wp\/v2\/pages\/809\/revisions"}],"wp:attachment":[{"href":"https:\/\/cobrartp.com\/fr\/wp-json\/wp\/v2\/media?parent=809"}],"curies":[{"name":"wp","href":"https:\/\/api.w.org\/{rel}","templated":true}]}}