{"id":572,"date":"2018-09-27T16:51:58","date_gmt":"2018-09-27T13:51:58","guid":{"rendered":"http:\/\/cobrartp.ru\/?page_id=572"},"modified":"2026-01-01T16:38:46","modified_gmt":"2026-01-01T13:38:46","slug":"privacy_policy","status":"publish","type":"page","link":"https:\/\/cobrartp.com\/fr\/privacy_policy\/","title":{"rendered":"Politique de confidentialit\u00e9"},"content":{"rendered":"<h2>CobraRTP Team<\/h2>\n<p>\u041d\u0430\u0448 \u0430\u0434\u0440\u0435\u0441 \u0441\u0430\u0439\u0442\u0430: https:\/\/cobrartp.com<\/p>\n<h2 style=\"text-align: center;\">Les renseignements personnels que nous recueillons et quel est le but<\/h2>\n<h3>La politique de traitement des donn\u00e9es personnelles lors de la mise en \u0153uvre de paiement en ligne<\/h3>\n<p>Sur la base de contrats conclus au nom de la PI \u041f\u043e\u0447\u0443\u0439\u043a\u043e S. N. charge le traitement des donn\u00e9es personnelles des clients qui effectuent des achats de produits et services sur le site www.cobrartp.com suivante aux personnes autoris\u00e9es (ci \u2014 STR): la SARL \u00ab\u0418\u041a\u043e\u043c\u0427\u0430\u0440\u0434\u0436\u00bb UNP 191670289, la R\u00e9publique du B\u00e9larus, g. Minsk, etc. Dzerjinski, 104, bureau 1801, www.bepaid.by.<\/p>\n<p><strong>Le but du traitement des donn\u00e9es personnelles<br \/><\/strong>Logiciel technique \u00e0 la possibilit\u00e9 d&#039;effectuer des paiements \u00e0 l&#039;aide de la banque cartes en plastique, et d&#039;autres m\u00e9thodes de paiement. *<\/p>\n<p><strong>Liste des trait\u00e9s des donn\u00e9es personnelles<br \/><\/strong>Pr\u00e9nom et nom du titulaire de la carte, num\u00e9ro de carte de cr\u00e9dit, CVC\/CVV, adresse e-mail de l&#039;ID de la commande. Ces donn\u00e9es sont trait\u00e9es sur le c\u00f4t\u00e9 de la passerelle de paiement STR (BePaid), nous (cobrartp.com) n&#039;avons pas acc\u00e8s \u00e0 ces donn\u00e9es que les utilisateurs de services de la RUE (BePaid).<strong><br \/><\/strong><\/p>\n<p><strong>Liste des activit\u00e9s les plus RUE de traitement des donn\u00e9es personnelles<br \/><\/strong>La collecte, la s\u00e9lection, le stockage, l&#039;utilisation, la fourniture, la suppression de vos donn\u00e9es personnelles.<\/p>\n<p><strong>Le d\u00e9lai de traitement de<br \/><\/strong>5 ans \u00e0 compter de la mise en \u0153uvre de paiement.<\/p>\n<p>*<em>SARL<\/em> <em>\u00ab\u0418\u041a\u043e\u043c\u0427\u0430\u0440\u0434\u0436\u00bb<\/em> <em>apr\u00e8s paiement, envoie des cartes-un ch\u00e8que de e-mail indiqu\u00e9e lors du paiement<\/em>.<\/p>\n<h3>Commentaires<\/h3>\n<p>Si un visiteur laisse un commentaire sur le site, nous recueillons les donn\u00e9es indiqu\u00e9es dans le formulaire de commentaire, ainsi que l&#039;adresse IP du visiteur et les donn\u00e9es user-agent du navigateur afin d&#039;identifier le spam.<\/p>\n<p>\u0410\u043d\u043e\u043d\u0438\u043c\u0438\u0437\u0438\u0440\u043e\u0432\u0430\u043d\u043d\u0430\u044f \u0441\u0442\u0440\u043e\u043a\u0430 \u0441\u043e\u0437\u0434\u0430\u0432\u0430\u0435\u043c\u0430\u044f \u0438\u0437 \u0432\u0430\u0448\u0435\u0433\u043e \u0430\u0434\u0440\u0435\u0441\u0430 email (&#171;\u0445\u0435\u0448&#187;) \u043c\u043e\u0436\u0435\u0442 \u043f\u0440\u0435\u0434\u043e\u0441\u0442\u0430\u0432\u043b\u044f\u0442\u044c\u0441\u044f \u0441\u0435\u0440\u0432\u0438\u0441\u0443 Gravatar, \u0447\u0442\u043e\u0431\u044b \u043e\u043f\u0440\u0435\u0434\u0435\u043b\u0438\u0442\u044c \u0438\u0441\u043f\u043e\u043b\u044c\u0437\u0443\u0435\u0442\u0435 \u043b\u0438 \u0432\u044b \u0435\u0433\u043e. \u041f\u043e\u043b\u0438\u0442\u0438\u043a\u0430 \u043a\u043e\u043d\u0444\u0438\u0434\u0435\u043d\u0446\u0438\u0430\u043b\u044c\u043d\u043e\u0441\u0442\u0438 Gravatar \u0434\u043e\u0441\u0442\u0443\u043f\u043d\u0430 \u0437\u0434\u0435\u0441\u044c: https:\/\/automattic.com\/privacy\/ . \u041f\u043e\u0441\u043b\u0435 \u043e\u0434\u043e\u0431\u0440\u0435\u043d\u0438\u044f \u043a\u043e\u043c\u043c\u0435\u043d\u0442\u0430\u0440\u0438\u044f \u0432\u0430\u0448\u0435 \u0438\u0437\u043e\u0431\u0440\u0430\u0436\u0435\u043d\u0438\u0435 \u043f\u0440\u043e\u0444\u0438\u043b\u044f \u0431\u0443\u0434\u0435\u0442 \u0432\u0438\u0434\u0438\u043c\u044b\u043c \u043f\u0443\u0431\u043b\u0438\u0447\u043d\u043e \u0432 \u043a\u043e\u043d\u0442\u0435\u043a\u0441\u0442\u0435 \u0432\u0430\u0448\u0435\u0433\u043e \u043a\u043e\u043c\u043c\u0435\u043d\u0442\u0430\u0440\u0438\u044f.<\/p>\n<h3>Fichiers multim\u00e9dias<\/h3>\n<p>Si vous \u00eates un utilisateur enregistr\u00e9 et t\u00e9l\u00e9chargez les photos sur le site, vous aurez peut-\u00eatre \u00e0 \u00e9viter le t\u00e9l\u00e9chargement des images avec les m\u00e9tadonn\u00e9es EXIF, car ils peuvent contenir des informations sur votre position GPS. Les visiteurs peuvent extraire ces informations en t\u00e9l\u00e9chargeant une image depuis le site.<\/p>\n<h3>Le formulaire de contact<\/h3>\n<h3>Les cookies<\/h3>\n<p>Si vous laissez un commentaire sur notre site, vous pouvez activer l&#039;enregistrement de votre nom, adresse e-mail et un site internet dans un cookie. Ceci est fait pour votre confort, afin de ne pas remplir les donn\u00e9es sont \u00e0 nouveau lors d&#039;une nouvelle commentaires. Ces cookies sont stock\u00e9s dans un d\u00e9lai d&#039;un an.<\/p>\n<p>Si vous avez un compte sur le site et vous entrerez en elle, nous allons installer temporaire des cookies pour d\u00e9terminer la prise en charge des cookies de votre navigateur, les cookies ne contiennent aucune information personnelle et est supprim\u00e9 lorsque vous fermez votre navigateur.<\/p>\n<p>Lorsque vous vous connectez \u00e0 votre compte, nous avons \u00e9tabli plusieurs cookies avec des donn\u00e9es d&#039;entr\u00e9e et les r\u00e9glages de l&#039;\u00e9cran. Les cookies de connexion sont conserv\u00e9es pendant deux jours, des cookies avec des r\u00e9glages de l&#039;\u00e9cran \u00e0 l&#039;ann\u00e9e. Si vous choisissez la possibilit\u00e9 de \u00abse souvenir de moi\u00bb, les informations de connexion seront conserv\u00e9s pendant une p\u00e9riode de deux semaines. Lorsque vous quittez compte les cookies de connexion seront supprim\u00e9s.<\/p>\n<p>Lors de la modification ou de la publication de l&#039;article dans votre navigateur sera enregistr\u00e9 suppl\u00e9mentaire de cookies, il ne contient pas de donn\u00e9es personnelles et contient uniquement l&#039;ID de l&#039;enregistrement \u00e9dit\u00e9e par vous, expire au bout de 1 jour.<\/p>\n<h3>Compl\u00e9ment du contenu des autres sites internet<\/h3>\n<p>Articles sur ce site web peuvent inclure une garantie de contenu (par exemple, les vid\u00e9os, les images, les articles etc.), ce contenu se comporte comme si le visiteur est connect\u00e9 sur un autre site.<\/p>\n<p>Ces sites peuvent collecter des donn\u00e9es vous concernant, d&#039;utiliser des cookies, d&#039;introduire suppl\u00e9mentaire pour le suivi des tiers et de suivre vos interactions comportant du contenu, y compris le suivi de l&#039;interaction, si vous avez un compte et vous \u0430\u0432\u0442\u043e\u0440\u0438\u0437\u043e\u0432\u0430\u043b\u0438\u0441\u044c sur ce site.<\/p>\n<h3>Web analytics<\/h3>\n<p>Si vous laissez un commentaire, le commentaire et de ses m\u00e9tadonn\u00e9es sont conserv\u00e9es ind\u00e9finiment. Ceci est fait afin de d\u00e9finir et d&#039;approuver les commentaires suivants automatiquement, au lieu de le placer dans une file d&#039;attente d&#039;approbation.<\/p>\n<p>Pour les utilisateurs avec enregistrement sur notre site, nous conservons les renseignements personnels qu&#039;ils indiquent dans leur profil. Tous les utilisateurs peuvent voir, modifier ou supprimer votre profil \u00e0 tout moment (\u00e0 l&#039;exception du nom d&#039;utilisateur). L&#039;administration du site web peut \u00e9galement voir et de modifier ces informations.<\/p>\n<h2 style=\"text-align: center;\">Quels sont vos droits sur vos donn\u00e9es<\/h2>\n<p>Si vous avez un compte sur le site ou si vous avez laiss\u00e9 des commentaires, vous pouvez demander le fichier d&#039;exportation des donn\u00e9es personnelles que nous conservons \u00e0 votre sujet, y compris les donn\u00e9es que vous fournissez. Vous pouvez \u00e9galement demander la suppression de ces donn\u00e9es, il n&#039;inclut pas les donn\u00e9es qui nous sont tenus de conserver, \u00e0 des fins administratives, par la loi ou \u00e0 des fins de s\u00e9curit\u00e9.<\/p>\n\n\n<p><\/p>","protected":false},"excerpt":{"rendered":"<p>CobraRTP Team \u041d\u0430\u0448 \u0430\u0434\u0440\u0435\u0441 \u0441\u0430\u0439\u0442\u0430: https:\/\/cobrartp.com \u041a\u0430\u043a\u0438\u0435 \u043f\u0435\u0440\u0441\u043e\u043d\u0430\u043b\u044c\u043d\u044b\u0435 \u0434\u0430\u043d\u043d\u044b\u0435 \u043c\u044b \u0441\u043e\u0431\u0438\u0440\u0430\u0435\u043c \u0438 \u0441 \u043a\u0430\u043a\u043e\u0439 \u0446\u0435\u043b\u044c\u044e \u041f\u043e\u043b\u0438\u0442\u0438\u043a\u0430 \u043e\u0431\u0440\u0430\u0431\u043e\u0442\u043a\u0438 \u043f\u0435\u0440\u0441\u043e\u043d\u0430\u043b\u044c\u043d\u044b\u0445 \u0434\u0430\u043d\u043d\u044b\u0445 \u043f\u0440\u0438 \u043e\u0441\u0443\u0449\u0435\u0441\u0442\u0432\u043b\u0435\u043d\u0438\u0438 \u043e\u043d\u043b\u0430\u0439\u043d \u043e\u043f\u043b\u0430\u0442\u044b \u041d\u0430 \u043e\u0441\u043d\u043e\u0432\u0430\u043d\u0438\u0438 \u0437\u0430\u043a\u043b\u044e\u0447\u0435\u043d\u043d\u044b\u0445 \u0434\u043e\u0433\u043e\u0432\u043e\u0440\u043e\u0432, \u043e\u0442 \u0438\u043c\u0435\u043d\u0438 \u0427\u0423\u041f &#171;\u041a\u043e\u0431\u0440\u0430-\u0420\u0422\u041f&#187; \u043f\u043e\u0440\u0443\u0447\u0430\u0435\u0442 \u043e\u0431\u0440\u0430\u0431\u043e\u0442\u043a\u0443 \u043f\u0435\u0440\u0441\u043e\u043d\u0430\u043b\u044c\u043d\u044b\u0445 \u0434\u0430\u043d\u043d\u044b\u0445 \u043a\u043b\u0438\u0435\u043d\u0442\u043e\u0432, \u043e\u0441\u0443\u0449\u0435\u0441\u0442\u0432\u043b\u044f\u044e\u0449\u0438\u0445 \u043f\u043e\u043a\u0443\u043f\u043a\u0443 \u0442\u043e\u0432\u0430\u0440\u043e\u0432 \u0438 \u0443\u0441\u043b\u0443\u0433 \u043d\u0430 \u0441\u0430\u0439\u0442\u0435 www.cobrartp.com \u0441\u043b\u0435\u0434\u0443\u044e\u0449\u0438\u043c \u0443\u043f\u043e\u043b\u043d\u043e\u043c\u043e\u0447\u0435\u043d\u043d\u044b\u043c \u043b\u0438\u0446\u0430\u043c (\u0434\u0430\u043b\u0435\u0435 &#8212; \u0423\u041b): \u041e\u041e\u041e \u00ab\u0418\u041a\u043e\u043c\u0427\u0430\u0440\u0434\u0436\u00bb \u0423\u041d\u041f 191670289, \u0420\u0435\u0441\u043f\u0443\u0431\u043b\u0438\u043a\u0430 &#8230; <a title=\"Politique de confidentialit\u00e9\" class=\"read-more\" href=\"https:\/\/cobrartp.com\/fr\/privacy_policy\/\" aria-label=\"En savoir plus sur \u041f\u043e\u043b\u0438\u0442\u0438\u043a\u0430 \u043a\u043e\u043d\u0444\u0438\u0434\u0435\u043d\u0446\u0438\u0430\u043b\u044c\u043d\u043e\u0441\u0442\u0438\">Lire la suite<\/a><\/p>","protected":false},"author":1,"featured_media":0,"parent":0,"menu_order":0,"comment_status":"closed","ping_status":"closed","template":"","meta":{"slim_seo":{"title":"\u041f\u043e\u043b\u0438\u0442\u0438\u043a\u0430 \u043a\u043e\u043d\u0444\u0438\u0434\u0435\u043d\u0446\u0438\u0430\u043b\u044c\u043d\u043e\u0441\u0442\u0438 - CobraRTP","description":"CobraRTP Team \u041d\u0430\u0448 \u0430\u0434\u0440\u0435\u0441 \u0441\u0430\u0439\u0442\u0430: https:\/\/cobrartp.com \u041a\u0430\u043a\u0438\u0435 \u043f\u0435\u0440\u0441\u043e\u043d\u0430\u043b\u044c\u043d\u044b\u0435 \u0434\u0430\u043d\u043d\u044b\u0435 \u043c\u044b \u0441\u043e\u0431\u0438\u0440\u0430\u0435\u043c \u0438 \u0441 \u043a\u0430\u043a\u043e\u0439 \u0446\u0435\u043b\u044c\u044e \u041f\u043e\u043b\u0438\u0442\u0438\u043a\u0430 \u043e\u0431\u0440\u0430\u0431\u043e\u0442\u043a\u0438 \u043f\u0435\u0440\u0441\u043e\u043d\u0430\u043b\u044c\u043d\u044b\u0445 \u0434\u0430\u043d\u043d\u044b\u0445 \u043f\u0440\u0438 \u043e\u0441\u0443\u0449\u0435\u0441\u0442\u0432\u043b\u0435\u043d"},"footnotes":""},"class_list":["post-572","page","type-page","status-publish"],"_links":{"self":[{"href":"https:\/\/cobrartp.com\/fr\/wp-json\/wp\/v2\/pages\/572","targetHints":{"allow":["GET"]}}],"collection":[{"href":"https:\/\/cobrartp.com\/fr\/wp-json\/wp\/v2\/pages"}],"about":[{"href":"https:\/\/cobrartp.com\/fr\/wp-json\/wp\/v2\/types\/page"}],"author":[{"embeddable":true,"href":"https:\/\/cobrartp.com\/fr\/wp-json\/wp\/v2\/users\/1"}],"replies":[{"embeddable":true,"href":"https:\/\/cobrartp.com\/fr\/wp-json\/wp\/v2\/comments?post=572"}],"version-history":[{"count":0,"href":"https:\/\/cobrartp.com\/fr\/wp-json\/wp\/v2\/pages\/572\/revisions"}],"wp:attachment":[{"href":"https:\/\/cobrartp.com\/fr\/wp-json\/wp\/v2\/media?parent=572"}],"curies":[{"name":"wp","href":"https:\/\/api.w.org\/{rel}","templated":true}]}}