{"id":5179,"date":"2021-11-09T13:06:05","date_gmt":"2021-11-09T10:06:05","guid":{"rendered":"https:\/\/cobrartp.com\/?page_id=5179"},"modified":"2024-07-28T10:46:37","modified_gmt":"2024-07-28T07:46:37","slug":"how_order","status":"publish","type":"page","link":"https:\/\/cobrartp.com\/fr\/how_order\/","title":{"rendered":"V\u00e9rifier"},"content":{"rendered":"<p>Les commandes sont \u00e9tablis de fa\u00e7on ind\u00e9pendante dans notre boutique en ligne <a href=\"https:\/\/cobrartp.com\/fr\/produit\/\" data-type=\"link\" data-id=\"https:\/\/cobrartp.com\/store\/\">le magasin<\/a>o\u00f9 vous devez choisir le produit et l&#039;ajouter \u00e0 votre panier. Si n\u00e9cessaire, s\u00e9lectionnez des options suppl\u00e9mentaires:<\/p>\n\n\n<div class=\"wp-block-image\">\n<figure class=\"aligncenter size-full is-resized\"><a href=\"https:\/\/cobrartp.com\/wp-content\/uploads\/2024\/07\/Screenshot-2024-07-28-103438.jpg\"><img fetchpriority=\"high\" decoding=\"async\" width=\"673\" height=\"449\" src=\"https:\/\/cobrartp.com\/wp-content\/uploads\/2024\/07\/Screenshot-2024-07-28-103438.jpg\" alt=\"\" class=\"wp-image-9252\" style=\"width:410px\" srcset=\"https:\/\/cobrartp.com\/wp-content\/uploads\/2024\/07\/Screenshot-2024-07-28-103438.jpg 673w, https:\/\/cobrartp.com\/wp-content\/uploads\/2024\/07\/Screenshot-2024-07-28-103438-600x400.jpg 600w, https:\/\/cobrartp.com\/wp-content\/uploads\/2024\/07\/Screenshot-2024-07-28-103438-18x12.jpg 18w\" sizes=\"(max-width: 673px) 100vw, 673px\" \/><\/a><\/figure>\n<\/div>\n\n\n<p>Apr\u00e8s l&#039;ajout du produit au panier, Vous serez invit\u00e9 \u00e0 passer \u00e0 la corbeille, ou continuer vos achats et ajouter quelques positions. Si la marchandise n&#039;est pas disponible, vous pouvez demander une pr\u00e9-command\u00e9, afin que nous vous annoncions, quand le produit sera de nouveau disponible sur votre email.<\/p>\n\n\n\n<figure class=\"wp-block-image size-large\"><a href=\"https:\/\/cobrartp.com\/wp-content\/uploads\/2024\/07\/Screenshot-2024-07-28-103819.jpg\"><img decoding=\"async\" width=\"1024\" height=\"142\" src=\"https:\/\/cobrartp.com\/wp-content\/uploads\/2024\/07\/Screenshot-2024-07-28-103819-1024x142.jpg\" alt=\"\" class=\"wp-image-9253\" srcset=\"https:\/\/cobrartp.com\/wp-content\/uploads\/2024\/07\/Screenshot-2024-07-28-103819-1024x142.jpg 1024w, https:\/\/cobrartp.com\/wp-content\/uploads\/2024\/07\/Screenshot-2024-07-28-103819-640x89.jpg 640w, https:\/\/cobrartp.com\/wp-content\/uploads\/2024\/07\/Screenshot-2024-07-28-103819-768x106.jpg 768w, https:\/\/cobrartp.com\/wp-content\/uploads\/2024\/07\/Screenshot-2024-07-28-103819-1536x213.jpg 1536w, https:\/\/cobrartp.com\/wp-content\/uploads\/2024\/07\/Screenshot-2024-07-28-103819-18x2.jpg 18w, https:\/\/cobrartp.com\/wp-content\/uploads\/2024\/07\/Screenshot-2024-07-28-103819-600x83.jpg 600w, https:\/\/cobrartp.com\/wp-content\/uploads\/2024\/07\/Screenshot-2024-07-28-103819.jpg 1828w\" sizes=\"(max-width: 1024px) 100vw, 1024px\" \/><\/a><\/figure>\n\n\n\n<p><br>Apr\u00e8s avoir ajout\u00e9 les produits n\u00e9cessaires \u00e0 votre panier, vous pouvez commander:<\/p>\n\n\n\n<figure class=\"wp-block-image size-large\"><a href=\"https:\/\/cobrartp.com\/wp-content\/uploads\/2024\/07\/Screenshot-2024-07-28-104101.jpg\"><img decoding=\"async\" width=\"1024\" height=\"639\" src=\"https:\/\/cobrartp.com\/wp-content\/uploads\/2024\/07\/Screenshot-2024-07-28-104101-1024x639.jpg\" alt=\"\" class=\"wp-image-9256\" srcset=\"https:\/\/cobrartp.com\/wp-content\/uploads\/2024\/07\/Screenshot-2024-07-28-104101-1024x639.jpg 1024w, https:\/\/cobrartp.com\/wp-content\/uploads\/2024\/07\/Screenshot-2024-07-28-104101-640x400.jpg 640w, https:\/\/cobrartp.com\/wp-content\/uploads\/2024\/07\/Screenshot-2024-07-28-104101-768x479.jpg 768w, https:\/\/cobrartp.com\/wp-content\/uploads\/2024\/07\/Screenshot-2024-07-28-104101-18x12.jpg 18w, https:\/\/cobrartp.com\/wp-content\/uploads\/2024\/07\/Screenshot-2024-07-28-104101-600x375.jpg 600w, https:\/\/cobrartp.com\/wp-content\/uploads\/2024\/07\/Screenshot-2024-07-28-104101.jpg 1381w\" sizes=\"(max-width: 1024px) 100vw, 1024px\" \/><\/a><\/figure>\n\n\n\n<p>Dans votre panier, vous pouvez choisir et d&#039;appliquer le coupon (le cas \u00e9ch\u00e9ant), ainsi que de pr\u00e9-s\u00e9lectionner l&#039;adresse et la m\u00e9thode de livraison pour le calcul de la valeur de la livraison. Une fois que vous avez v\u00e9rifi\u00e9 toutes les positions, ont introduit un coupon, vous pouvez passer votre commande en cliquant sur \u201ccommander\u201d. L&#039;op\u00e9ration standard, vous devrez entrer les informations de contact, adresse de livraison, ainsi que de choisir le mode de livraison et le mode de paiement. Le co\u00fbt final sera g\u00e9n\u00e9r\u00e9e automatiquement. <br>Apr\u00e8s avoir pass\u00e9 votre commande, nous v\u00e9rifions dans un d\u00e9lai de 24 heures et nous envoyer un message avec les d\u00e9tails de la commande.<\/p>\n\n\n\n<p class=\"has-text-align-center\"><strong>Vous pouvez \u00e9galement consulter<\/strong>:<br><br><strong>Offre publique: <\/strong><a href=\"https:\/\/cobrartp.com\/fr\/terms_of_service\/\" target=\"_blank\" rel=\"noreferrer noopener\">https:\/\/cobrartp.com\/terms_of_service\/<\/a><br><strong>La livraison et de paiement:<\/strong> <a href=\"https:\/\/cobrartp.com\/fr\/shipping_a_pay\/\" target=\"_blank\" rel=\"noreferrer noopener\">https:\/\/cobrartp.com\/shipping_a_pay\/<\/a><\/p>","protected":false},"excerpt":{"rendered":"<p>\u0417\u0430\u043a\u0430\u0437\u044b \u043e\u0444\u043e\u0440\u043c\u043b\u044f\u044e\u0442\u0441\u044f \u0441\u0430\u043c\u043e\u0441\u0442\u043e\u044f\u0442\u0435\u043b\u044c\u043d\u043e \u0432 \u043d\u0430\u0448\u0435\u043c \u043e\u043d\u043b\u0430\u0439\u043d \u043c\u0430\u0433\u0430\u0437\u0438\u043d\u0435, \u0433\u0434\u0435 \u043d\u0435\u043e\u0431\u0445\u043e\u0434\u0438\u043c\u043e \u0432\u044b\u0431\u0440\u0430\u0442\u044c \u0438\u043d\u0442\u0435\u0440\u0435\u0441\u0443\u044e\u0449\u0438\u0439 \u0442\u043e\u0432\u0430\u0440 \u0438 \u0434\u043e\u0431\u0430\u0432\u0438\u0442\u044c \u0435\u0433\u043e \u0432 \u043a\u043e\u0440\u0437\u0438\u043d\u0443. \u041f\u0440\u0438 \u043d\u0435\u043e\u0431\u0445\u043e\u0434\u0438\u043c\u043e\u0441\u0442\u0438 \u0432\u044b\u0431\u0435\u0440\u0438\u0442\u0435 \u0434\u043e\u043f\u043e\u043b\u043d\u0438\u0442\u0435\u043b\u044c\u043d\u044b\u0435 \u043e\u043f\u0446\u0438\u0438: \u041f\u043e\u0441\u043b\u0435 \u0434\u043e\u0431\u0430\u0432\u043b\u0435\u043d\u0438\u044f \u0442\u043e\u0432\u0430\u0440\u0430 \u0432 \u043a\u043e\u0440\u0437\u0438\u043d\u0443, \u0412\u0430\u043c \u0431\u0443\u0434\u0435\u0442 \u043f\u0440\u0435\u0434\u043b\u043e\u0436\u0435\u043d\u043e \u043f\u0435\u0440\u0435\u0439\u0442\u0438 \u0432 \u043a\u043e\u0440\u0437\u0438\u043d\u0443, \u043b\u0438\u0431\u043e \u043f\u0440\u043e\u0434\u043e\u043b\u0436\u0438\u0442\u044c \u043f\u043e\u043a\u0443\u043f\u043a\u0443 \u0438 \u0434\u043e\u0431\u0430\u0432\u0438\u0442\u044c \u0435\u0449\u0435 \u043d\u0435\u0441\u043a\u043e\u043b\u044c\u043a\u043e \u043f\u043e\u0437\u0438\u0446\u0438\u0439. \u0415\u0441\u043b\u0438 \u0442\u043e\u0432\u0430\u0440\u0430 \u043d\u0435\u0442 \u0432 \u043d\u0430\u043b\u0438\u0447\u0438\u0438, \u0442\u043e \u0432\u044b \u043c\u043e\u0436\u0435\u0442\u0435 \u043e\u0441\u0442\u0430\u0432\u0438\u0442\u044c \u0437\u0430\u044f\u0432\u043a\u0443 \u043d\u0430 \u043f\u0440\u0435\u0434\u0437\u0430\u043a\u0430\u0437, \u0447\u0442\u043e\u0431\u044b \u043c\u044b &#8230; <a title=\"V\u00e9rifier\" class=\"read-more\" href=\"https:\/\/cobrartp.com\/fr\/how_order\/\" aria-label=\"En savoir plus sur \u041e\u0444\u043e\u0440\u043c\u043b\u0435\u043d\u0438\u0435 \u0437\u0430\u043a\u0430\u0437\u0430\">Lire la suite<\/a><\/p>","protected":false},"author":1,"featured_media":0,"parent":0,"menu_order":0,"comment_status":"closed","ping_status":"closed","template":"","meta":{"slim_seo":{"title":"\u041e\u0444\u043e\u0440\u043c\u043b\u0435\u043d\u0438\u0435 \u0437\u0430\u043a\u0430\u0437\u0430 - CobraRTP","description":"\u0417\u0430\u043a\u0430\u0437\u044b \u043e\u0444\u043e\u0440\u043c\u043b\u044f\u044e\u0442\u0441\u044f \u0441\u0430\u043c\u043e\u0441\u0442\u043e\u044f\u0442\u0435\u043b\u044c\u043d\u043e \u0432 \u043d\u0430\u0448\u0435\u043c \u043e\u043d\u043b\u0430\u0439\u043d \u043c\u0430\u0433\u0430\u0437\u0438\u043d\u0435 , \u0433\u0434\u0435 \u043d\u0435\u043e\u0431\u0445\u043e\u0434\u0438\u043c\u043e \u0432\u044b\u0431\u0440\u0430\u0442\u044c \u0438\u043d\u0442\u0435\u0440\u0435\u0441\u0443\u044e\u0449\u0438\u0439 \u0442\u043e\u0432\u0430\u0440 \u0438 \u0434\u043e\u0431\u0430\u0432\u0438\u0442\u044c \u0435\u0433\u043e \u0432 \u043a\u043e\u0440\u0437\u0438\u043d\u0443. \u041f\u0440\u0438 \u043d\u0435\u043e\u0431\u0445\u043e\u0434\u0438\u043c\u043e\u0441\u0442\u0438 \u0432\u044b\u0431\u0435\u0440\u0438\u0442\u0435 \u0434\u043e\u043f\u043e\u043b"},"footnotes":""},"class_list":["post-5179","page","type-page","status-publish"],"_links":{"self":[{"href":"https:\/\/cobrartp.com\/fr\/wp-json\/wp\/v2\/pages\/5179","targetHints":{"allow":["GET"]}}],"collection":[{"href":"https:\/\/cobrartp.com\/fr\/wp-json\/wp\/v2\/pages"}],"about":[{"href":"https:\/\/cobrartp.com\/fr\/wp-json\/wp\/v2\/types\/page"}],"author":[{"embeddable":true,"href":"https:\/\/cobrartp.com\/fr\/wp-json\/wp\/v2\/users\/1"}],"replies":[{"embeddable":true,"href":"https:\/\/cobrartp.com\/fr\/wp-json\/wp\/v2\/comments?post=5179"}],"version-history":[{"count":0,"href":"https:\/\/cobrartp.com\/fr\/wp-json\/wp\/v2\/pages\/5179\/revisions"}],"wp:attachment":[{"href":"https:\/\/cobrartp.com\/fr\/wp-json\/wp\/v2\/media?parent=5179"}],"curies":[{"name":"wp","href":"https:\/\/api.w.org\/{rel}","templated":true}]}}