{"id":19,"date":"2018-05-26T17:56:19","date_gmt":"2018-05-26T14:56:19","guid":{"rendered":"http:\/\/cobrartp.ru\/?page_id=19"},"modified":"2024-03-17T23:18:16","modified_gmt":"2024-03-17T20:18:16","slug":"about","status":"publish","type":"page","link":"https:\/\/cobrartp.com\/fr\/about\/","title":{"rendered":"Sur le projet"},"content":{"rendered":"<div data-elementor-type=\"wp-post\" data-elementor-id=\"19\" class=\"elementor elementor-19\" data-elementor-post-type=\"page\">\n\t\t\t\t\t\t<section class=\"elementor-section elementor-top-section elementor-element elementor-element-7a028982 elementor-section-content-middle elementor-section-boxed elementor-section-height-default elementor-section-height-default\" data-id=\"7a028982\" data-element_type=\"section\" data-settings=\"{&quot;background_background&quot;:&quot;classic&quot;}\">\n\t\t\t\t\t\t<div class=\"elementor-container elementor-column-gap-no\">\n\t\t\t\t\t<div class=\"elementor-column elementor-col-50 elementor-top-column elementor-element elementor-element-46c90691\" data-id=\"46c90691\" data-element_type=\"column\">\n\t\t\t<div class=\"elementor-widget-wrap elementor-element-populated\">\n\t\t\t\t\t\t<div class=\"elementor-element elementor-element-66c45830 elementor-widget elementor-widget-image\" data-id=\"66c45830\" data-element_type=\"widget\" data-widget_type=\"image.default\">\n\t\t\t\t<div class=\"elementor-widget-container\">\n\t\t\t\t\t\t\t\t\t\t\t\t\t\t\t<img fetchpriority=\"high\" decoding=\"async\" width=\"640\" height=\"274\" src=\"https:\/\/cobrartp.com\/wp-content\/uploads\/2019\/10\/cropped-71391367_164308061380798_9126430789578260480_n-640x274.jpg\" class=\"attachment-medium size-medium wp-image-1906\" alt=\"cobrartpteam\" srcset=\"https:\/\/cobrartp.com\/wp-content\/uploads\/2019\/10\/cropped-71391367_164308061380798_9126430789578260480_n-640x274.jpg 640w, https:\/\/cobrartp.com\/wp-content\/uploads\/2019\/10\/cropped-71391367_164308061380798_9126430789578260480_n-600x257.jpg 600w, https:\/\/cobrartp.com\/wp-content\/uploads\/2019\/10\/cropped-71391367_164308061380798_9126430789578260480_n-1024x438.jpg 1024w, https:\/\/cobrartp.com\/wp-content\/uploads\/2019\/10\/cropped-71391367_164308061380798_9126430789578260480_n-768x329.jpg 768w, https:\/\/cobrartp.com\/wp-content\/uploads\/2019\/10\/cropped-71391367_164308061380798_9126430789578260480_n-1536x658.jpg 1536w, https:\/\/cobrartp.com\/wp-content\/uploads\/2019\/10\/cropped-71391367_164308061380798_9126430789578260480_n.jpg 1920w\" sizes=\"(max-width: 640px) 100vw, 640px\" \/>\t\t\t\t\t\t\t\t\t\t\t\t\t\t\t<\/div>\n\t\t\t\t<\/div>\n\t\t\t\t<div class=\"elementor-element elementor-element-023a109 elementor-widget elementor-widget-image\" data-id=\"023a109\" data-element_type=\"widget\" data-widget_type=\"image.default\">\n\t\t\t\t<div class=\"elementor-widget-container\">\n\t\t\t\t\t\t\t\t\t\t\t\t\t\t\t<img decoding=\"async\" width=\"538\" height=\"400\" src=\"https:\/\/cobrartp.com\/wp-content\/uploads\/2020\/06\/cobrartp-4-538x400.png\" class=\"attachment-medium size-medium wp-image-3474\" alt=\"cobrartp honda\" srcset=\"https:\/\/cobrartp.com\/wp-content\/uploads\/2020\/06\/cobrartp-4-538x400.png 538w, https:\/\/cobrartp.com\/wp-content\/uploads\/2020\/06\/cobrartp-4-768x571.png 768w, https:\/\/cobrartp.com\/wp-content\/uploads\/2020\/06\/cobrartp-4-16x12.png 16w, https:\/\/cobrartp.com\/wp-content\/uploads\/2020\/06\/cobrartp-4-600x446.png 600w, https:\/\/cobrartp.com\/wp-content\/uploads\/2020\/06\/cobrartp-4.png 1000w\" sizes=\"(max-width: 538px) 100vw, 538px\" \/>\t\t\t\t\t\t\t\t\t\t\t\t\t\t\t<\/div>\n\t\t\t\t<\/div>\n\t\t\t\t\t<\/div>\n\t\t<\/div>\n\t\t\t\t<div class=\"elementor-column elementor-col-50 elementor-top-column elementor-element elementor-element-386fcc1c\" data-id=\"386fcc1c\" data-element_type=\"column\">\n\t\t\t<div class=\"elementor-widget-wrap elementor-element-populated\">\n\t\t\t\t\t\t<div class=\"elementor-element elementor-element-61bad97f elementor-widget elementor-widget-heading\" data-id=\"61bad97f\" data-element_type=\"widget\" data-widget_type=\"heading.default\">\n\t\t\t\t<div class=\"elementor-widget-container\">\n\t\t\t\t\t<h4 class=\"elementor-heading-title elementor-size-default\">CobraRTP Team<\/h4>\t\t\t\t<\/div>\n\t\t\t\t<\/div>\n\t\t\t\t<div class=\"elementor-element elementor-element-4aef3a2b elementor-widget elementor-widget-text-editor\" data-id=\"4aef3a2b\" data-element_type=\"widget\" data-widget_type=\"text-editor.default\">\n\t\t\t\t<div class=\"elementor-widget-container\">\n\t\t\t\t\t\t\t\t\t<p>Notre aventure a commenc\u00e9 en 2018 avec la cr\u00e9ation de notre premier produit\u00a0: un \u00e9mulateur universel de puce m\u00e9moire temps r\u00e9el pour les voitures des ann\u00e9es\u00a080 et\u00a090, d\u00e9velopp\u00e9 initialement pour nos propres besoins. Le projet ayant rencontr\u00e9 un franc succ\u00e8s, nous avons d\u00e9cid\u00e9 de le commercialiser. Ainsi, plusieurs ann\u00e9es plus tard, nous proposons d\u00e9sormais plusieurs produits destin\u00e9s au sport automobile et \u00e0 la reprogrammation moteur.<\/p><p>Aussi, nous disposons de notre propre \u00e9quipe de course de dragsters ce qui permet de tester nos produits \u00e0 un niveau \u00e9lev\u00e9 et toujours savoir ce que le client a besoin!<\/p>\t\t\t\t\t\t\t\t<\/div>\n\t\t\t\t<\/div>\n\t\t\t\t\t<\/div>\n\t\t<\/div>\n\t\t\t\t\t<\/div>\n\t\t<\/section>\n\t\t\t\t<\/div>","protected":false},"excerpt":{"rendered":"<p>Notre aventure a commenc\u00e9 en 2018 avec la cr\u00e9ation de notre premier produit\u00a0: un \u00e9mulateur universel de puce m\u00e9moire temps r\u00e9el pour les voitures des ann\u00e9es\u00a080 et\u00a090, d\u00e9velopp\u00e9 initialement pour nos propres besoins. Le projet ayant rencontr\u00e9 un franc succ\u00e8s, nous avons d\u00e9cid\u00e9 de le commercialiser. Ainsi, plusieurs ann\u00e9es plus tard, nous proposons d\u00e9sormais plusieurs produits destin\u00e9s au sport automobile et \u00e0 la reprogrammation moteur. <a title=\"Sur le projet\" class=\"read-more\" href=\"https:\/\/cobrartp.com\/fr\/about\/\" aria-label=\"En savoir plus sur \u041e \u043f\u0440\u043e\u0435\u043a\u0442\u0435\">Lire la suite<\/a><\/p>","protected":false},"author":1,"featured_media":0,"parent":0,"menu_order":0,"comment_status":"closed","ping_status":"closed","template":"","meta":{"slim_seo":{"title":"\u041e \u043f\u0440\u043e\u0435\u043a\u0442\u0435 - CobraRTP","description":"CobraRTP Team \u041d\u0430\u0448\u0430 \u043f\u0443\u0442\u044c \u0431\u044b\u043b \u043d\u0430\u0447\u0430\u0442 \u0432\u00a0 2018, \u043a\u043e\u0433\u0434\u0430 \u043f\u0435\u0440\u0432\u044b\u043c \u043f\u0440\u043e\u0434\u0443\u043a\u0442\u043e\u043c \u0431\u044b\u043b \u0443\u043d\u0438\u0432\u0435\u0440\u0441\u0430\u043b\u044c\u043d\u044b\u0439 \u044d\u043c\u0443\u043b\u044f\u0442\u043e\u0440 \u043c\u0438\u043a\u0440\u043e\u0441\u0445\u0435\u043c \u043f\u0430\u043c\u044f\u0442\u0438 \u0440\u0435\u0430\u043b\u044c\u043d\u043e\u0433\u043e \u0432\u0440\u0435\u043c\u0435\u043d\u0438 \u0434\u043b\u044f \u0430\u0432\u0442\u043e\u043c\u043e\u0431\u0438\u043b\u0435\u0439 80-90\u0445, \u043a\u043e\u0442\u043e\u0440\u044b\u0439"},"footnotes":""},"class_list":["post-19","page","type-page","status-publish"],"_links":{"self":[{"href":"https:\/\/cobrartp.com\/fr\/wp-json\/wp\/v2\/pages\/19","targetHints":{"allow":["GET"]}}],"collection":[{"href":"https:\/\/cobrartp.com\/fr\/wp-json\/wp\/v2\/pages"}],"about":[{"href":"https:\/\/cobrartp.com\/fr\/wp-json\/wp\/v2\/types\/page"}],"author":[{"embeddable":true,"href":"https:\/\/cobrartp.com\/fr\/wp-json\/wp\/v2\/users\/1"}],"replies":[{"embeddable":true,"href":"https:\/\/cobrartp.com\/fr\/wp-json\/wp\/v2\/comments?post=19"}],"version-history":[{"count":0,"href":"https:\/\/cobrartp.com\/fr\/wp-json\/wp\/v2\/pages\/19\/revisions"}],"wp:attachment":[{"href":"https:\/\/cobrartp.com\/fr\/wp-json\/wp\/v2\/media?parent=19"}],"curies":[{"name":"wp","href":"https:\/\/api.w.org\/{rel}","templated":true}]}}